{"id":158,"date":"2020-07-21T10:50:40","date_gmt":"2020-07-21T08:50:40","guid":{"rendered":"https:\/\/26oktobar.rs\/?page_id=158"},"modified":"2020-11-04T00:13:43","modified_gmt":"2020-11-03T23:13:43","slug":"spavaca-soba","status":"publish","type":"page","link":"https:\/\/26oktobar.rs\/?page_id=158","title":{"rendered":"SPAVA\u0106A SOBA"},"content":{"rendered":"<p>[et_pb_section fb_built=&#8221;1&#8243; _builder_version=&#8221;4.0.7&#8243;][et_pb_row column_structure=&#8221;1_3,1_3,1_3&#8243; _builder_version=&#8221;4.4.8&#8243;][et_pb_column type=&#8221;1_3&#8243; _builder_version=&#8221;4.4.8&#8243;][et_pb_text _builder_version=&#8221;4.4.8&#8243; hover_enabled=&#8221;0&#8243; locked=&#8221;off&#8221;]<\/p>\n<p><a href=\"https:\/\/26oktobar.rs\/?page_id=176\"><strong>KLIZNI PLAKARI<\/strong><\/a><\/p>\n<p><a href=\"https:\/\/26oktobar.rs\/?page_id=176\"><img loading=\"lazy\" decoding=\"async\" src=\"https:\/\/26oktobar.rs\/wp-content\/uploads\/2020\/08\/tabure-nadja-max-1-big-300x169.jpg\" width=\"300\" height=\"169\" alt=\"\" class=\"wp-image-738 alignnone size-medium\" \/><\/a><\/p>\n<p>[\/et_pb_text][et_pb_text _builder_version=&#8221;4.4.8&#8243; hover_enabled=&#8221;0&#8243; locked=&#8221;off&#8221;]<\/p>\n<p><a href=\"https:\/\/26oktobar.rs\/?page_id=182\"><strong>KOMODE I FIOKARI<\/strong><\/a><\/p>\n<p><a href=\"https:\/\/26oktobar.rs\/?page_id=182\"><img loading=\"lazy\" decoding=\"async\" src=\"https:\/\/26oktobar.rs\/wp-content\/uploads\/2020\/08\/tabure-nadja-max-1-big-300x169.jpg\" width=\"300\" height=\"169\" alt=\"\" class=\"wp-image-738 alignnone size-medium\" \/><\/a><\/p>\n<p>[\/et_pb_text][et_pb_text _builder_version=&#8221;4.4.8&#8243; hover_enabled=&#8221;0&#8243; locked=&#8221;off&#8221;]<\/p>\n<p><a href=\"https:\/\/26oktobar.rs\/?page_id=188\"><strong>FRANCUSKI LE\u017dAJEVI I KREVETI<\/strong><\/a><\/p>\n<p><a href=\"https:\/\/26oktobar.rs\/?page_id=188\"><img loading=\"lazy\" decoding=\"async\" src=\"https:\/\/26oktobar.rs\/wp-content\/uploads\/2020\/08\/bracni-krevet-duo-big-300x169.jpg\" width=\"300\" height=\"169\" alt=\"\" class=\"wp-image-823 alignnone size-medium\" \/><\/a><\/p>\n<p>[\/et_pb_text][\/et_pb_column][et_pb_column type=&#8221;1_3&#8243; _builder_version=&#8221;4.4.8&#8243;][et_pb_text _builder_version=&#8221;4.4.8&#8243; hover_enabled=&#8221;0&#8243; locked=&#8221;off&#8221;]<\/p>\n<p><a href=\"https:\/\/26oktobar.rs\/?page_id=178\"><strong>KOMPLET SPAVA\u0106E SOBE<\/strong><\/a><\/p>\n<p><a href=\"https:\/\/26oktobar.rs\/?page_id=178\"><img loading=\"lazy\" decoding=\"async\" src=\"https:\/\/26oktobar.rs\/wp-content\/uploads\/2020\/08\/tabure-nadja-max-1-big-300x169.jpg\" width=\"300\" height=\"169\" alt=\"\" class=\"wp-image-738 alignnone size-medium\" \/><\/a><\/p>\n<p>[\/et_pb_text][et_pb_text _builder_version=&#8221;4.4.8&#8243; hover_enabled=&#8221;0&#8243; locked=&#8221;off&#8221;]<\/p>\n<p><a href=\"https:\/\/26oktobar.rs\/?page_id=184\"><strong>NO\u0106NI ORMARI\u0106I<\/strong><\/a><\/p>\n<p><a href=\"https:\/\/26oktobar.rs\/?page_id=184\"><img loading=\"lazy\" decoding=\"async\" src=\"https:\/\/26oktobar.rs\/wp-content\/uploads\/2020\/08\/tabure-nadja-max-1-big-300x169.jpg\" width=\"300\" height=\"169\" alt=\"\" class=\"wp-image-738 alignnone size-medium\" \/><\/a><\/p>\n<p>[\/et_pb_text][\/et_pb_column][et_pb_column type=&#8221;1_3&#8243; _builder_version=&#8221;4.4.8&#8243;][et_pb_text _builder_version=&#8221;4.4.8&#8243; hover_enabled=&#8221;0&#8243; locked=&#8221;off&#8221;]<\/p>\n<p><a href=\"https:\/\/26oktobar.rs\/?page_id=180\"><strong>ORMARI<\/strong><\/a><\/p>\n<p><a href=\"https:\/\/26oktobar.rs\/?page_id=180\"><img loading=\"lazy\" decoding=\"async\" src=\"https:\/\/26oktobar.rs\/wp-content\/uploads\/2020\/08\/tabure-nadja-max-1-big-300x169.jpg\" width=\"300\" height=\"169\" alt=\"\" class=\"wp-image-738 alignnone size-medium\" \/><\/a><\/p>\n<p>[\/et_pb_text][et_pb_text _builder_version=&#8221;4.4.8&#8243; hover_enabled=&#8221;0&#8243; locked=&#8221;off&#8221;]<\/p>\n<p><a href=\"https:\/\/26oktobar.rs\/?page_id=186\"><strong>DU\u0160ECI<\/strong><\/a><\/p>\n<p><a href=\"https:\/\/26oktobar.rs\/?page_id=186\"><img loading=\"lazy\" decoding=\"async\" src=\"https:\/\/26oktobar.rs\/wp-content\/uploads\/2020\/08\/tabure-nadja-max-1-big-300x169.jpg\" width=\"300\" height=\"169\" alt=\"\" class=\"wp-image-738 alignnone size-medium\" \/><\/a><\/p>\n<p>[\/et_pb_text][\/et_pb_column][\/et_pb_row][\/et_pb_section]<\/p>\n","protected":false},"excerpt":{"rendered":"<p>KLIZNI PLAKARI KOMODE I FIOKARI FRANCUSKI LE\u017dAJEVI I KREVETI KOMPLET SPAVA\u0106E SOBE NO\u0106NI ORMARI\u0106I ORMARI DU\u0160ECI<\/p>\n","protected":false},"author":4,"featured_media":0,"parent":0,"menu_order":0,"comment_status":"closed","ping_status":"closed","template":"","meta":{"_et_pb_use_builder":"on","_et_pb_old_content":"<!-- wp:divi\/placeholder \/-->","_et_gb_content_width":"","footnotes":""},"_links":{"self":[{"href":"https:\/\/26oktobar.rs\/index.php?rest_route=\/wp\/v2\/pages\/158"}],"collection":[{"href":"https:\/\/26oktobar.rs\/index.php?rest_route=\/wp\/v2\/pages"}],"about":[{"href":"https:\/\/26oktobar.rs\/index.php?rest_route=\/wp\/v2\/types\/page"}],"author":[{"embeddable":true,"href":"https:\/\/26oktobar.rs\/index.php?rest_route=\/wp\/v2\/users\/4"}],"replies":[{"embeddable":true,"href":"https:\/\/26oktobar.rs\/index.php?rest_route=%2Fwp%2Fv2%2Fcomments&post=158"}],"version-history":[{"count":7,"href":"https:\/\/26oktobar.rs\/index.php?rest_route=\/wp\/v2\/pages\/158\/revisions"}],"predecessor-version":[{"id":1233,"href":"https:\/\/26oktobar.rs\/index.php?rest_route=\/wp\/v2\/pages\/158\/revisions\/1233"}],"wp:attachment":[{"href":"https:\/\/26oktobar.rs\/index.php?rest_route=%2Fwp%2Fv2%2Fmedia&parent=158"}],"curies":[{"name":"wp","href":"https:\/\/api.w.org\/{rel}","templated":true}]}}